{"id":72,"date":"2018-04-09T16:19:28","date_gmt":"2018-04-09T14:19:28","guid":{"rendered":"http:\/\/127.0.0.1:8080\/kpv-2018\/?page_id=72"},"modified":"2020-09-21T19:07:09","modified_gmt":"2020-09-21T17:07:09","slug":"taetigkeitsbereich","status":"publish","type":"page","link":"https:\/\/krankenpflegeverein-lustenau.at\/kpv-2018\/taetigkeitsbereich\/","title":{"rendered":"T\u00e4tigkeitsbereich"},"content":{"rendered":"\n<p>Der Krankenpflegeverein bietet eine Vielzahl an T\u00e4tigkeiten an. Im Folgenden finden Sie eine Auswahl davon:<\/p>\n\n\n\n<h2 class=\"wp-block-heading\"><em><b><strong>Behandlungspflege<\/strong><\/b><\/em><\/h2>\n\n\n\n<ul class=\"wp-block-list\"><li>Verabreichung von Infusionen und Injektionen<\/li><li>Verbandwechsel und Wundversorgung<\/li><li>Versorgung von Ern\u00e4hrungssonden sowie die Verabreichung der Nahrung<\/li><li>Setzen und Pflegen von Einmal-&nbsp; bzw. Dauerkatheter<\/li><li>Verabreichen von Clysmen<\/li><li>Pflege aller Arten von Stomatas (Tracheostomie, Colostomie, Urostomie, Cystofix usw.)<\/li><li>Medizinische B\u00e4der oder Sp\u00fclungen<\/li><li>Vorbereiten und Verabreichen der Medikamente<\/li><\/ul>\n\n\n\n<p>F\u00fcr alle angef\u00fchrten T\u00e4tigkeiten ben\u00f6tigen wir eine aktuelle, schriftliche Arztverordnung!<\/p>\n\n\n\n<h2 class=\"wp-block-heading\"><em><b><strong>Grundpflege<\/strong><\/b><\/em><\/h2>\n\n\n\n<ul class=\"wp-block-list\"><li>Wir bieten Unters\u00fctzung, Anleitung und \u00dcbernahme&nbsp;der Grundpflege kranker und pflegebed\u00fcrftiger Menschen jeglichen Alters, dazu geh\u00f6ren s\u00e4mtliche Aufgaben der K\u00f6rperpflege (waschen, duschen, Zahnpflege, rasieren, &#8230;) sowie das Anlernen und Unterst\u00fctzung pflegender Angeh\u00f6riger.<\/li><li>Mobilisation zur Erhaltung und Wiedererlangung der maximal m\u00f6glichen Selbstst\u00e4ndigkeit<\/li><li>Prophylaxe jeglicher Art<\/li><\/ul>\n\n\n\n<h2 class=\"wp-block-heading\"><em><b><strong>Diagnostische Ma\u00dfnahmen<\/strong><\/b><\/em><\/h2>\n\n\n\n<ul class=\"wp-block-list\"><li>Vitalfunktionskontrolle (Atmung, Kreislauf, Temperatur)<\/li><li>Blutzuckerkontrollen<\/li><li>Blutdruckmessungen<\/li><\/ul>\n\n\n\n<p>Alle Diagnostischen Ma\u00dfnahmen werden nur in Absprache und Zusammenarbeit mit ihrem Hausarzt durchgef\u00fchrt.<\/p>\n\n\n\n<h2 class=\"wp-block-heading\"><em><b><strong>Pflegegrunds\u00e4tze<\/strong><\/b><\/em><\/h2>\n\n\n\n<p>Die Pflege durch unser Pflegepersonal versteht sich grunds\u00e4tzlich als Hilfe zur Selbsthilfe. Sie und Ihre Angeh\u00f6rigen werden gepflegt, angeleitet und unterst\u00fctzt, um gr\u00f6\u00dftm\u00f6gliche Selbstst\u00e4ndigkeit zu erhalten oder wieder zu erlangen. Dazu ist Ihre Mitarbeit und die Ihrer Angeh\u00f6rigen erforderlich.<\/p>\n\n\n\n<p>Weiters sind wir bestrebt, Ihnen ein w\u00fcrdevolles Leben bis zuletzt in Ihrer vertrauten Umgebung zu erm\u00f6glichen. Eine enge Zusammenarbeit mit Ihrem Hausarzt und weiteren ben\u00f6tigten mobilen Diensten ist von gro\u00dfer Bedeutung f\u00fcr eine gute h\u00e4usliche Pflegesituation.<\/p>\n","protected":false},"excerpt":{"rendered":"<p>Der Krankenpflegeverein bietet eine Vielzahl an T\u00e4tigkeiten an. Im Folgenden finden Sie eine Auswahl davon: Behandlungspflege Verabreichung von Infusionen und Injektionen Verbandwechsel und Wundversorgung Versorgung von Ern\u00e4hrungssonden sowie die Verabreichung der Nahrung Setzen und Pflegen von Einmal-&nbsp; bzw. Dauerkatheter Verabreichen von Clysmen Pflege aller Arten von Stomatas (Tracheostomie, Colostomie, Urostomie, Cystofix usw.) Medizinische B\u00e4der oder <\/p>\n","protected":false},"author":1,"featured_media":0,"parent":0,"menu_order":0,"comment_status":"closed","ping_status":"closed","template":"","meta":{"footnotes":""},"class_list":["post-72","page","type-page","status-publish","hentry"],"_links":{"self":[{"href":"https:\/\/krankenpflegeverein-lustenau.at\/kpv-2018\/wp-json\/wp\/v2\/pages\/72","targetHints":{"allow":["GET"]}}],"collection":[{"href":"https:\/\/krankenpflegeverein-lustenau.at\/kpv-2018\/wp-json\/wp\/v2\/pages"}],"about":[{"href":"https:\/\/krankenpflegeverein-lustenau.at\/kpv-2018\/wp-json\/wp\/v2\/types\/page"}],"author":[{"embeddable":true,"href":"https:\/\/krankenpflegeverein-lustenau.at\/kpv-2018\/wp-json\/wp\/v2\/users\/1"}],"replies":[{"embeddable":true,"href":"https:\/\/krankenpflegeverein-lustenau.at\/kpv-2018\/wp-json\/wp\/v2\/comments?post=72"}],"version-history":[{"count":4,"href":"https:\/\/krankenpflegeverein-lustenau.at\/kpv-2018\/wp-json\/wp\/v2\/pages\/72\/revisions"}],"predecessor-version":[{"id":347,"href":"https:\/\/krankenpflegeverein-lustenau.at\/kpv-2018\/wp-json\/wp\/v2\/pages\/72\/revisions\/347"}],"wp:attachment":[{"href":"https:\/\/krankenpflegeverein-lustenau.at\/kpv-2018\/wp-json\/wp\/v2\/media?parent=72"}],"curies":[{"name":"wp","href":"https:\/\/api.w.org\/{rel}","templated":true}]}}